{"id":945,"date":"2018-10-04T21:18:28","date_gmt":"2018-10-05T00:18:28","guid":{"rendered":"https:\/\/itscerrito-ers.infd.edu.ar\/sitio\/?page_id=945"},"modified":"2022-11-24T20:54:49","modified_gmt":"2022-11-24T23:54:49","slug":"formulario-de-inscripcion","status":"publish","type":"page","link":"https:\/\/itscerrito-ers.infd.edu.ar\/sitio\/formulario-de-inscripcion\/","title":{"rendered":"Formulario de Preinscripci\u00f3n Tec. Superior en Agroecolog\u00eda"},"content":{"rendered":"\n<center><iframe loading=\"lazy\" src=\"https:\/\/docs.google.com\/forms\/d\/e\/1FAIpQLSe7JdkVzg2iCaAx3exYGsY0l78qBQZ_Gsg94_BeBACJ3E4Gqg\/viewform?embedded=true\" width=\"640\" height=\"3350\" frameborder=\"0\" marginheight=\"0\" marginwidth=\"0\">Cargando\u2026<\/iframe><\/center>\n\n\n\n<p>Para confirmar inscripci\u00f3n se debe presentar f\u00edsicamente en el instituto la siguiente documentaci\u00f3n:<\/p>\n\n\n\n<p>*1 Folio<\/p>\n\n\n\n<p>*Planilla de inscripci\u00f3n (<a href=\"https:\/\/itscerrito-ers.infd.edu.ar\/sitio\/wp-content\/uploads\/2020\/02\/formulario-de-inscripcion-4967.pdf\">DESCARGAR<\/a>)<\/p>\n\n\n\n<p>*Fotocopia de DNI<\/p>\n\n\n\n<p>*2 fotos 4&#215;4<\/p>\n\n\n\n<p>*Fotocopia y original del t\u00edtulo de nivel medio<\/p>\n\n\n\n<p>*Partida de nacimiento actualizada<\/p>\n\n\n\n<p>*Grupo sangu\u00edneo<\/p>\n\n\n\n<p>*<a href=\"https:\/\/www.anses.gob.ar\/consulta\/constancia-de-cuil\" target=\"_blank\" rel=\"noreferrer noopener\">CUIL<\/a><\/p>\n\n\n\n<p><\/p>\n\n\n\n<p>La apertura de cada carrera quedar\u00e1 sujeta a la cantidad de interesados en cursar las mismas y a las definiciones de las autoridades educativas provinciales.<\/p>\n","protected":false},"excerpt":{"rendered":"<p>Cargando\u2026 Para confirmar inscripci\u00f3n se debe presentar f\u00edsicamente en el instituto la siguiente documentaci\u00f3n: *1 Folio *Planilla de inscripci\u00f3n (DESCARGAR) *Fotocopia de DNI *2 fotos 4&#215;4 *Fotocopia y original del t\u00edtulo de nivel medio *Partida de nacimiento actualizada *Grupo sangu\u00edneo *CUIL La apertura de cada carrera quedar\u00e1 sujeta a la cantidad de interesados en cursar &#8230; <a title=\"Formulario de Preinscripci\u00f3n Tec. Superior en Agroecolog\u00eda\" class=\"read-more\" href=\"https:\/\/itscerrito-ers.infd.edu.ar\/sitio\/formulario-de-inscripcion\/\" aria-label=\"More on Formulario de Preinscripci\u00f3n Tec. Superior en Agroecolog\u00eda\">[+]<\/a><\/p>\n","protected":false},"author":23,"featured_media":0,"parent":0,"menu_order":0,"comment_status":"closed","ping_status":"closed","template":"","meta":[],"acf":[],"_links":{"self":[{"href":"https:\/\/itscerrito-ers.infd.edu.ar\/sitio\/wp-json\/wp\/v2\/pages\/945"}],"collection":[{"href":"https:\/\/itscerrito-ers.infd.edu.ar\/sitio\/wp-json\/wp\/v2\/pages"}],"about":[{"href":"https:\/\/itscerrito-ers.infd.edu.ar\/sitio\/wp-json\/wp\/v2\/types\/page"}],"author":[{"embeddable":true,"href":"https:\/\/itscerrito-ers.infd.edu.ar\/sitio\/wp-json\/wp\/v2\/users\/23"}],"replies":[{"embeddable":true,"href":"https:\/\/itscerrito-ers.infd.edu.ar\/sitio\/wp-json\/wp\/v2\/comments?post=945"}],"version-history":[{"count":11,"href":"https:\/\/itscerrito-ers.infd.edu.ar\/sitio\/wp-json\/wp\/v2\/pages\/945\/revisions"}],"predecessor-version":[{"id":2092,"href":"https:\/\/itscerrito-ers.infd.edu.ar\/sitio\/wp-json\/wp\/v2\/pages\/945\/revisions\/2092"}],"wp:attachment":[{"href":"https:\/\/itscerrito-ers.infd.edu.ar\/sitio\/wp-json\/wp\/v2\/media?parent=945"}],"curies":[{"name":"wp","href":"https:\/\/api.w.org\/{rel}","templated":true}]}}