{"id":822,"date":"2018-08-30T18:28:06","date_gmt":"2018-08-30T21:28:06","guid":{"rendered":"https:\/\/itscerrito-ers.infd.edu.ar\/sitio\/diseno-curricular\/"},"modified":"2022-06-22T19:42:21","modified_gmt":"2022-06-22T22:42:21","slug":"diseno-curricular","status":"publish","type":"page","link":"https:\/\/itscerrito-ers.infd.edu.ar\/sitio\/diseno-curricular\/","title":{"rendered":"Dise\u00f1o Curricular"},"content":{"rendered":"<h2><span style=\"font-family: georgia, palatino; font-size: 12pt;\">Ponemos a disposici\u00f3n las Resoluciones del Dise\u00f1o Curricular:<\/span><\/h2>\n<p><strong>Resoluci\u00f3n\u00a0N\u00ba 0976-17 CGE\u00a0&#8211; Aprueba Dise\u00f1o Curricular Profesorado de\u00a0Educaci\u00f3n Especial en Discapacidad intelectual<\/strong><\/p>\n<p><a title=\"Dise\u00f1o curricular\" href=\"https:\/\/drive.google.com\/file\/d\/0B3SDcTPAVqsdNmpaVG05RVowb1hBamJickp3UnRWdy1pa20w\/view?usp=sharing\">RES 0976-17 CGE<\/a><\/p>\n<p><strong>Resoluci\u00f3n N\u00b0 4706\/17 CGE &#8211;\u00a0Ampliatoria de Dise\u00f1o Curricular del Profesorado de Educaci\u00f3n Especial con orientaci\u00f3n en Discapacidad Intelectual\u00a0&#8211; R\u00e9gimen de correlatividades<\/strong><\/p>\n<p><a href=\"https:\/\/des-ers.infd.edu.ar\/sitio\/upload\/RES_4706-17_CGE.pdf\">RES 4706-17 CGE<\/a><\/p>\n<p><strong>Resoluci\u00f3n\u00a0<\/strong><strong>N\u00ba 5733\/17 CGE<\/strong><strong>\u00a0&#8211;\u00a0Rectificaci\u00f3n del Dise\u00f1o Curricular del Profesorado de Educaci\u00f3n\u00a0Especial con orientaci\u00f3n en Discapacidad Intelectual<\/strong><\/p>\n<p><a href=\"https:\/\/des-ers.infd.edu.ar\/sitio\/upload\/5733-17_CGE_Modifica_Disen_o_Curricular_de_Carrera_-Profesorado_de_Educacion_Especial_con_Orientacion_en_Discapacidad_Intelectual-_1.pdf\">RES 5733-17 CGE<\/a><\/p>\n","protected":false},"excerpt":{"rendered":"<p>Ponemos a disposici\u00f3n las Resoluciones del Dise\u00f1o Curricular: Resoluci\u00f3n\u00a0N\u00ba 0976-17 CGE\u00a0&#8211; Aprueba Dise\u00f1o Curricular Profesorado de\u00a0Educaci\u00f3n Especial en Discapacidad intelectual RES 0976-17 CGE Resoluci\u00f3n N\u00b0 4706\/17 CGE &#8211;\u00a0Ampliatoria de Dise\u00f1o Curricular del Profesorado de Educaci\u00f3n Especial con orientaci\u00f3n en Discapacidad Intelectual\u00a0&#8211; R\u00e9gimen de correlatividades RES 4706-17 CGE Resoluci\u00f3n\u00a0N\u00ba 5733\/17 CGE\u00a0&#8211;\u00a0Rectificaci\u00f3n del Dise\u00f1o Curricular del Profesorado &#8230; <a title=\"Dise\u00f1o Curricular\" class=\"read-more\" href=\"https:\/\/itscerrito-ers.infd.edu.ar\/sitio\/diseno-curricular\/\" aria-label=\"More on Dise\u00f1o Curricular\">[+]<\/a><\/p>\n","protected":false},"author":75,"featured_media":0,"parent":0,"menu_order":0,"comment_status":"closed","ping_status":"closed","template":"","meta":[],"acf":[],"_links":{"self":[{"href":"https:\/\/itscerrito-ers.infd.edu.ar\/sitio\/wp-json\/wp\/v2\/pages\/822"}],"collection":[{"href":"https:\/\/itscerrito-ers.infd.edu.ar\/sitio\/wp-json\/wp\/v2\/pages"}],"about":[{"href":"https:\/\/itscerrito-ers.infd.edu.ar\/sitio\/wp-json\/wp\/v2\/types\/page"}],"author":[{"embeddable":true,"href":"https:\/\/itscerrito-ers.infd.edu.ar\/sitio\/wp-json\/wp\/v2\/users\/75"}],"replies":[{"embeddable":true,"href":"https:\/\/itscerrito-ers.infd.edu.ar\/sitio\/wp-json\/wp\/v2\/comments?post=822"}],"version-history":[{"count":1,"href":"https:\/\/itscerrito-ers.infd.edu.ar\/sitio\/wp-json\/wp\/v2\/pages\/822\/revisions"}],"predecessor-version":[{"id":1966,"href":"https:\/\/itscerrito-ers.infd.edu.ar\/sitio\/wp-json\/wp\/v2\/pages\/822\/revisions\/1966"}],"wp:attachment":[{"href":"https:\/\/itscerrito-ers.infd.edu.ar\/sitio\/wp-json\/wp\/v2\/media?parent=822"}],"curies":[{"name":"wp","href":"https:\/\/api.w.org\/{rel}","templated":true}]}}