{"id":286,"date":"2016-10-31T13:17:59","date_gmt":"2016-10-31T16:17:59","guid":{"rendered":"https:\/\/itscerrito-ers.infd.edu.ar\/sitio\/?page_id=286"},"modified":"2026-02-25T21:05:58","modified_gmt":"2026-02-26T00:05:58","slug":"inicio","status":"publish","type":"page","link":"https:\/\/itscerrito-ers.infd.edu.ar\/sitio\/","title":{"rendered":"Inicio"},"content":{"rendered":"<p><center><div id=\"metaslider-id-403\" style=\"width: 100%;\" class=\"ml-slider-3-33-0 metaslider metaslider-responsive metaslider-403 ml-slider ms-theme-default\" role=\"region\" aria-roledescription=\"Slideshow\" aria-label=\"Slideshow\">\n    <div id=\"metaslider_container_403\">\n        <ul id='metaslider_403' class='rslides'>\n            <li aria-roledescription='slide' aria-labelledby='slide-0'><a href=\"https:\/\/itscerrito-ers.infd.edu.ar\/sitio\/diseno-curricular-agroecologia\/\" target=\"_self\"><img src=\"https:\/\/itscerrito-ers.infd.edu.ar\/sitio\/wp-content\/uploads\/2019\/12\/AGROECO.png\" height=\"200\" width=\"1100\" alt=\"\" class=\"slider-403 slide-857\" title=\"AGROECO\" \/><\/a><\/li>\n            <li style='display: none;' aria-roledescription='slide' aria-labelledby='slide-1'><a href=\"https:\/\/itscerrito-ers.infd.edu.ar\/sitio\/diseno-curricular-2\/\" target=\"_self\"><img src=\"https:\/\/itscerrito-ers.infd.edu.ar\/sitio\/wp-content\/uploads\/2018\/08\/convocatorias_slide6-1-1100xs200.png\" height=\"200\" width=\"1100\" alt=\"\" class=\"slider-403 slide-859\" title=\"convocatorias_slide6-1-1100xs200\" \/><\/a><\/li>\n            <li style='display: none;' aria-roledescription='slide' aria-labelledby='slide-2'><a href=\"https:\/\/itscerrito-ers.infd.edu.ar\/sitio\/diseno-curricular\/\" target=\"_self\"><img src=\"https:\/\/itscerrito-ers.infd.edu.ar\/sitio\/wp-content\/uploads\/2018\/08\/convocatoriass_slide6-1-1100x200.png\" height=\"200\" width=\"1100\" alt=\"\" class=\"slider-403 slide-861\" title=\"convocatoriass_slide6-1-1100x200\" \/><\/a><\/li>\n        <\/ul>\n        \n    <\/div>\n<\/div><\/p>\n<table>\n<tbody>\n<tr>\n<th style=\"width: 30%;\"><a href=\"https:\/\/itscerrito-ers.infd.edu.ar\/sitio\/formulario-de-preinscripcion\/\"><img decoding=\"async\" class=\"alignnone size-medium wp-image-1240\" src=\"https:\/\/itscerrito-ers.infd.edu.ar\/sitio\/wp-content\/uploads\/2020\/09\/preinscripcion-agro-copia.jpg\" alt=\"\" width=\"100%\" \/><\/a><\/th>\n<th style=\"width: 30%;\"><a href=\"https:\/\/itscerrito-ers.infd.edu.ar\/sitio\/formulario-de-preinscripcion\/\"><img decoding=\"async\" loading=\"lazy\" class=\"alignnone wp-image-1240 size-medium\" src=\"https:\/\/itscerrito-ers.infd.edu.ar\/sitio\/wp-content\/uploads\/2020\/09\/preinscripcion-PRI-copia.jpg\" alt=\"\" width=\"588\" height=\"334\" \/><\/a><\/th>\n<th style=\"width: 30%;\"><a href=\"https:\/\/itscerrito-ers.infd.edu.ar\/sitio\/formulario-de-preinscripcion\/\"><img decoding=\"async\" loading=\"lazy\" class=\"alignnone wp-image-1240 size-medium\" src=\"https:\/\/itscerrito-ers.infd.edu.ar\/sitio\/wp-content\/uploads\/2020\/09\/preinscripcion-ESP-copia.jpg\" alt=\"\" width=\"588\" height=\"334\" \/><\/a><\/th>\n<\/tr>\n<\/tbody>\n<\/table>\n<p><\/center><center><a href=\"https:\/\/itscerrito-ers.infd.edu.ar\/sitio\/formulario-de-preinscripcion\/\"><img decoding=\"async\" loading=\"lazy\" class=\"alignnone wp-image-1131 size-medium\" src=\"https:\/\/itscerrito-ers.infd.edu.ar\/sitio\/wp-content\/uploads\/2019\/08\/inscripcion-1000x283.jpg\" alt=\"\" width=\"1000\" height=\"283\" srcset=\"https:\/\/itscerrito-ers.infd.edu.ar\/sitio\/wp-content\/uploads\/2019\/08\/inscripcion-1000x283.jpg 1000w, https:\/\/itscerrito-ers.infd.edu.ar\/sitio\/wp-content\/uploads\/2019\/08\/inscripcion-768x218.jpg 768w, https:\/\/itscerrito-ers.infd.edu.ar\/sitio\/wp-content\/uploads\/2019\/08\/inscripcion-1900x538.jpg 1900w\" sizes=\"(max-width: 1000px) 100vw, 1000px\" \/><\/a><\/center><center><\/center><\/p>\n<p><center><br \/>\n<a href=\"https:\/\/itscerrito-ers.infd.edu.ar\/sitio\/formulario-de-inscripcion\/\"><img decoding=\"async\" src=\"https:\/\/z-p3-scontent-eze1-1.xx.fbcdn.net\/v\/t1.0-9\/42742033_1781026255283733_1655165677301923840_n.jpg?_nc_cat=101&#038;oh=297516c6c378d634c4d17eb4c421dbbd&#038;oe=5C5C3CA2\" alt=\"\" \/><\/a><\/center><\/p>\n<p><center><style>.wp-show-posts-columns#wpsp-383 {margin-left: -2em; }.wp-show-posts-columns#wpsp-383 .wp-show-posts-inner {margin: 0 0 2em 2em; }<\/style><section id=\"wpsp-383\" class=\" wp-show-posts-columns wp-show-posts\" style=\"\"><article class=\" wp-show-posts-single post-2772 post type-post status-publish format-standard has-post-thumbnail hentry category-sin-categoria wpsp-col-4\" itemtype=\"http:\/\/schema.org\/CreativeWork\" itemscope><div class=\"wp-show-posts-inner\" style=\"\">\t\t<div class=\"wp-show-posts-image  wpsp-image-center \">\n\t\t\t<a href=\"https:\/\/itscerrito-ers.infd.edu.ar\/sitio\/inicio-actividades-del-ciclo-introductorio\/\"  title=\"Inicio actividades del ciclo introductorio\">\t\t\t\t\t<img src=\"https:\/\/itscerrito-ers.infd.edu.ar\/sitio\/wp-content\/uploads\/2026\/03\/WhatsApp-Image-2026-03-09-at-20.47.28-500x500.jpeg\" alt=\"Inicio actividades del ciclo introductorio\" itemprop=\"image\" class=\"center\" \/>\n\t\t\t\t<\/a>\t\t<\/div>\n\t\t\t\t\t\t\t\t<header class=\"wp-show-posts-entry-header\">\n\t\t\t\t\t\t\t<h2 class=\"wp-show-posts-entry-title\" itemprop=\"headline\"><a href=\"https:\/\/itscerrito-ers.infd.edu.ar\/sitio\/inicio-actividades-del-ciclo-introductorio\/\" rel=\"bookmark\">Inicio actividades del ciclo introductorio<\/a><\/h2>\t\t\t\t\t\t<\/header><!-- .entry-header -->\n\t\t\t\t\t\t\t\t\t\t\t<div class=\"wp-show-posts-entry-summary\" itemprop=\"text\">\n\t\t\t\t\t\t\t<p>En el d\u00eda de hoy, el instituto dio comienzo oficialmente a sus actividades acad\u00e9micas del a\u00f1o con la realizaci\u00f3n del ciclo introductorio destinado a los nuevos estudiantes. Durante la jornada,&#8230;<\/p>\n\t\t\t\t\t\t<\/div><!-- .entry-summary -->\n\t\t\t\t\t<\/div><!-- wp-show-posts-inner --><\/article><article class=\" wp-show-posts-single post-2759 post type-post status-publish format-standard has-post-thumbnail hentry category-sin-categoria wpsp-col-4\" itemtype=\"http:\/\/schema.org\/CreativeWork\" itemscope><div class=\"wp-show-posts-inner\" style=\"\">\t\t<div class=\"wp-show-posts-image  wpsp-image-center \">\n\t\t\t<a href=\"https:\/\/itscerrito-ers.infd.edu.ar\/sitio\/egresada-p-e-primaria\/\"  title=\"Egresada P. E. Primaria\">\t\t\t\t\t<img src=\"https:\/\/itscerrito-ers.infd.edu.ar\/sitio\/wp-content\/uploads\/2026\/03\/WhatsApp-Image-2026-03-05-at-21.05.46-2-500x500.jpeg\" alt=\"Egresada P. E. Primaria\" itemprop=\"image\" class=\"center\" \/>\n\t\t\t\t<\/a>\t\t<\/div>\n\t\t\t\t\t\t\t\t<header class=\"wp-show-posts-entry-header\">\n\t\t\t\t\t\t\t<h2 class=\"wp-show-posts-entry-title\" itemprop=\"headline\"><a href=\"https:\/\/itscerrito-ers.infd.edu.ar\/sitio\/egresada-p-e-primaria\/\" rel=\"bookmark\">Egresada P. E. Primaria<\/a><\/h2>\t\t\t\t\t\t<\/header><!-- .entry-header -->\n\t\t\t\t\t\t\t\t\t\t\t<div class=\"wp-show-posts-entry-summary\" itemprop=\"text\">\n\t\t\t\t\t\t\t\t\t\t\t\t\t<\/div><!-- .entry-summary -->\n\t\t\t\t\t<\/div><!-- wp-show-posts-inner --><\/article><article class=\" wp-show-posts-single post-2751 post type-post status-publish format-standard has-post-thumbnail hentry category-sin-categoria wpsp-col-4\" itemtype=\"http:\/\/schema.org\/CreativeWork\" itemscope><div class=\"wp-show-posts-inner\" style=\"\">\t\t<div class=\"wp-show-posts-image  wpsp-image-center \">\n\t\t\t<a href=\"https:\/\/itscerrito-ers.infd.edu.ar\/sitio\/egresada-p-e-especial\/\"  title=\"Egresada P. E. Especial\">\t\t\t\t\t<img src=\"https:\/\/itscerrito-ers.infd.edu.ar\/sitio\/wp-content\/uploads\/2026\/03\/WhatsApp-Image-2026-03-05-at-21.05.31-500x500.jpeg\" alt=\"Egresada P. E. Especial\" itemprop=\"image\" class=\"center\" \/>\n\t\t\t\t<\/a>\t\t<\/div>\n\t\t\t\t\t\t\t\t<header class=\"wp-show-posts-entry-header\">\n\t\t\t\t\t\t\t<h2 class=\"wp-show-posts-entry-title\" itemprop=\"headline\"><a href=\"https:\/\/itscerrito-ers.infd.edu.ar\/sitio\/egresada-p-e-especial\/\" rel=\"bookmark\">Egresada P. E. Especial<\/a><\/h2>\t\t\t\t\t\t<\/header><!-- .entry-header -->\n\t\t\t\t\t\t\t\t\t\t\t<div class=\"wp-show-posts-entry-summary\" itemprop=\"text\">\n\t\t\t\t\t\t\t\t\t\t\t\t\t<\/div><!-- .entry-summary -->\n\t\t\t\t\t<\/div><!-- wp-show-posts-inner --><\/article><div class=\"wpsp-clear\"><\/div><\/section><!-- .wp-show-posts --><br \/>\n<img decoding=\"async\" loading=\"lazy\" src=\"https:\/\/itscerrito-ers.infd.edu.ar\/sitio\/wp-content\/uploads\/2018\/08\/ITSC.jpg\" alt=\"\" width=\"544\" height=\"292\" border=\"0\" \/><img decoding=\"async\" title=\"\" src=\"https:\/\/itscerrito-ers.infd.edu.ar\/sitio\/wp-content\/uploads\/2018\/08\/linea3.png\" alt=\"\" border=\"0\" \/><\/center><center>\u00a0<\/center><\/p>\n<table style=\"background-color: #ffffff; width: 720px; height: 170px;\" border=\"0\" cellspacing=\"8\" cellpadding=\"8\">\n<tbody>\n<tr>\n<td style=\"width: 50%; text-align: left; border: 1px solid #4b8fcc; background-color: #ffffff;\" valign=\"top\"><span style=\"font-family: 'trebuchet ms', geneva; font-size: 10pt;\"><img decoding=\"async\" title=\"\" src=\"https:\/\/itscerrito-ers.infd.edu.ar\/sitio\/wp-content\/uploads\/2018\/08\/redinfod.png\" alt=\"\" border=\"0\" \/><\/span><\/p>\n<p style=\"text-align: justify;\"><span style=\"font-family: verdana, geneva; font-size: 12pt;\">Junto con mas de 800 institutos, integramos la\u00a0<strong><em>Red\u00a0Virtual de Institutos Superiores de Formaci\u00f3n Docente<\/em><\/strong>\u00a0coordinada por el\u00a0<strong>INFD\u00a0<\/strong>(Instituto Nacional de Formaci\u00f3n Docente) dependiente del Ministerio de Educaci\u00f3n de la Naci\u00f3n Argentina.\u00a0<\/span><\/p>\n<\/td>\n<td style=\"border: 1px solid #4b8fcc; width: 50%; background-color: #f0f8ff;\" valign=\"top\">\n<p style=\"text-align: center;\"><span style=\"font-family: 'trebuchet ms', geneva; font-size: 14pt;\">\u00a0Recursos para el aula<\/span><\/p>\n<p style=\"text-align: center;\"><span style=\"font-family: 'trebuchet ms', geneva; font-size: 14pt;\"><img decoding=\"async\" style=\"border: 0;\" title=\"Canal Encuentro\" src=\"https:\/\/itscerrito-ers.infd.edu.ar\/sitio\/wp-content\/uploads\/2018\/08\/caja_encuentro_1.png\" alt=\"Canal Encuentro\" width=\"130\" border=\"0\" \/><img decoding=\"async\" style=\"border: 0;\" title=\"EducAR\" src=\"https:\/\/itscerrito-ers.infd.edu.ar\/sitio\/wp-content\/uploads\/2018\/08\/caja_educar_1.png\" alt=\"EducAR\" width=\"120\" border=\"0\" \/><img decoding=\"async\" title=\"El Monitor\" src=\"https:\/\/itscerrito-ers.infd.edu.ar\/sitio\/wp-content\/uploads\/2018\/08\/caja_monitor_1.png\" alt=\"El Monitor\" border=\"0\" \/><img decoding=\"async\" title=\"Repositorio Institucional\" src=\"https:\/\/itscerrito-ers.infd.edu.ar\/sitio\/wp-content\/uploads\/2018\/08\/caja_repo_1.png\" alt=\"Repositorio Institucional\" border=\"0\" \/><\/span><\/p>\n<\/td>\n<\/tr>\n<\/tbody>\n<\/table>\n<div><img decoding=\"async\" title=\"\" src=\"https:\/\/itscerrito-ers.infd.edu.ar\/sitio\/wp-content\/uploads\/2018\/08\/linea2.png\" alt=\"\" border=\"0\" \/><\/div>\n<p>&nbsp;<\/p>\n","protected":false},"excerpt":{"rendered":"<p>\u00a0 Junto con mas de 800 institutos, integramos la\u00a0Red\u00a0Virtual de Institutos Superiores de Formaci\u00f3n Docente\u00a0coordinada por el\u00a0INFD\u00a0(Instituto Nacional de Formaci\u00f3n Docente) dependiente del Ministerio de Educaci\u00f3n de la Naci\u00f3n Argentina.\u00a0 \u00a0Recursos para el aula &nbsp;<\/p>\n","protected":false},"author":1,"featured_media":0,"parent":0,"menu_order":0,"comment_status":"closed","ping_status":"closed","template":"","meta":[],"acf":[],"_links":{"self":[{"href":"https:\/\/itscerrito-ers.infd.edu.ar\/sitio\/wp-json\/wp\/v2\/pages\/286"}],"collection":[{"href":"https:\/\/itscerrito-ers.infd.edu.ar\/sitio\/wp-json\/wp\/v2\/pages"}],"about":[{"href":"https:\/\/itscerrito-ers.infd.edu.ar\/sitio\/wp-json\/wp\/v2\/types\/page"}],"author":[{"embeddable":true,"href":"https:\/\/itscerrito-ers.infd.edu.ar\/sitio\/wp-json\/wp\/v2\/users\/1"}],"replies":[{"embeddable":true,"href":"https:\/\/itscerrito-ers.infd.edu.ar\/sitio\/wp-json\/wp\/v2\/comments?post=286"}],"version-history":[{"count":189,"href":"https:\/\/itscerrito-ers.infd.edu.ar\/sitio\/wp-json\/wp\/v2\/pages\/286\/revisions"}],"predecessor-version":[{"id":2739,"href":"https:\/\/itscerrito-ers.infd.edu.ar\/sitio\/wp-json\/wp\/v2\/pages\/286\/revisions\/2739"}],"wp:attachment":[{"href":"https:\/\/itscerrito-ers.infd.edu.ar\/sitio\/wp-json\/wp\/v2\/media?parent=286"}],"curies":[{"name":"wp","href":"https:\/\/api.w.org\/{rel}","templated":true}]}}