{"id":2404,"date":"2024-09-02T20:01:11","date_gmt":"2024-09-02T23:01:11","guid":{"rendered":"https:\/\/itscerrito-ers.infd.edu.ar\/sitio\/?page_id=2404"},"modified":"2026-02-25T21:03:42","modified_gmt":"2026-02-26T00:03:42","slug":"formulario-de-preinscripcion","status":"publish","type":"page","link":"https:\/\/itscerrito-ers.infd.edu.ar\/sitio\/formulario-de-preinscripcion\/","title":{"rendered":"Formulario de Inscripci\u00f3n"},"content":{"rendered":"\n<div class=\"wp-block-buttons is-content-justification-center is-layout-flex wp-container-1\">\n<div class=\"wp-block-button is-style-fill\"><a class=\"wp-block-button__link has-text-align-center wp-element-button\" href=\"https:\/\/docs.google.com\/forms\/d\/e\/1FAIpQLSe1vz7aaEEymIKJ6BFaEhokw51v0haFghkhmlVu_FAe1Gkk8A\/viewform\" target=\"_blank\" rel=\"noreferrer noopener\">Rellenar Formulario de Inscripci\u00f3n<\/a><\/div>\n<\/div>\n\n\n\n<p>Para confirmar inscripci\u00f3n se debe presentar f\u00edsicamente en el instituto la siguiente documentaci\u00f3n:<\/p>\n\n\n\n<p>*1 Folio<\/p>\n\n\n\n<p>*Planilla de inscripci\u00f3n (<a href=\"https:\/\/itscerrito-ers.infd.edu.ar\/sitio\/wp-content\/uploads\/2020\/02\/formulario-de-inscripcion-4967.pdf\">DESCARGAR<\/a>)<\/p>\n\n\n\n<p>*Fotocopia de DNI<\/p>\n\n\n\n<p>*2 fotos 4&#215;4<\/p>\n\n\n\n<p>*Fotocopia y original del t\u00edtulo de nivel medio<\/p>\n\n\n\n<p>*Partida de nacimiento actualizada<\/p>\n\n\n\n<p>*Grupo sangu\u00edneo<\/p>\n\n\n\n<p>*<a rel=\"noreferrer noopener\" href=\"https:\/\/www.anses.gob.ar\/consulta\/constancia-de-cuil\" target=\"_blank\">CUIL<\/a><\/p>\n\n\n\n<p><\/p>\n\n\n\n<p>La apertura de cada carrera quedar\u00e1 sujeta a la cantidad de interesados en cursar las mismas y a las definiciones de las autoridades educativas provinciales.<\/p>\n","protected":false},"excerpt":{"rendered":"<p>Para confirmar inscripci\u00f3n se debe presentar f\u00edsicamente en el instituto la siguiente documentaci\u00f3n: *1 Folio *Planilla de inscripci\u00f3n (DESCARGAR) *Fotocopia de DNI *2 fotos 4&#215;4 *Fotocopia y original del t\u00edtulo de nivel medio *Partida de nacimiento actualizada *Grupo sangu\u00edneo *CUIL La apertura de cada carrera quedar\u00e1 sujeta a la cantidad de interesados en cursar las &#8230; <a title=\"Formulario de Inscripci\u00f3n\" class=\"read-more\" href=\"https:\/\/itscerrito-ers.infd.edu.ar\/sitio\/formulario-de-preinscripcion\/\" aria-label=\"More on Formulario de Inscripci\u00f3n\">[+]<\/a><\/p>\n","protected":false},"author":23,"featured_media":0,"parent":0,"menu_order":0,"comment_status":"closed","ping_status":"closed","template":"","meta":[],"acf":[],"_links":{"self":[{"href":"https:\/\/itscerrito-ers.infd.edu.ar\/sitio\/wp-json\/wp\/v2\/pages\/2404"}],"collection":[{"href":"https:\/\/itscerrito-ers.infd.edu.ar\/sitio\/wp-json\/wp\/v2\/pages"}],"about":[{"href":"https:\/\/itscerrito-ers.infd.edu.ar\/sitio\/wp-json\/wp\/v2\/types\/page"}],"author":[{"embeddable":true,"href":"https:\/\/itscerrito-ers.infd.edu.ar\/sitio\/wp-json\/wp\/v2\/users\/23"}],"replies":[{"embeddable":true,"href":"https:\/\/itscerrito-ers.infd.edu.ar\/sitio\/wp-json\/wp\/v2\/comments?post=2404"}],"version-history":[{"count":11,"href":"https:\/\/itscerrito-ers.infd.edu.ar\/sitio\/wp-json\/wp\/v2\/pages\/2404\/revisions"}],"predecessor-version":[{"id":2736,"href":"https:\/\/itscerrito-ers.infd.edu.ar\/sitio\/wp-json\/wp\/v2\/pages\/2404\/revisions\/2736"}],"wp:attachment":[{"href":"https:\/\/itscerrito-ers.infd.edu.ar\/sitio\/wp-json\/wp\/v2\/media?parent=2404"}],"curies":[{"name":"wp","href":"https:\/\/api.w.org\/{rel}","templated":true}]}}