{"id":1310,"date":"2020-03-22T01:04:11","date_gmt":"2020-03-22T04:04:11","guid":{"rendered":"https:\/\/itscerrito-ers.infd.edu.ar\/sitio\/?page_id=1310"},"modified":"2026-05-06T17:41:09","modified_gmt":"2026-05-06T20:41:09","slug":"tutoriales","status":"publish","type":"page","link":"https:\/\/itscerrito-ers.infd.edu.ar\/sitio\/tutoriales\/","title":{"rendered":"Tutoriales"},"content":{"rendered":"<p>Uso de aulas para alumnos:<\/p>\n<p><center><iframe loading=\"lazy\" src=\"https:\/\/www.youtube.com\/embed\/IN4Wm4u-Urc\" width=\"560\" height=\"315\" frameborder=\"0\" allowfullscreen=\"allowfullscreen\"><\/iframe><\/center><br \/>\n<a href=\"https:\/\/drive.google.com\/file\/d\/1NaqXqx2KT5va0ZgfQMjA_zx15B5zxtMb\/view?usp=sharing\" target=\"_blank\" rel=\"noopener\">Tutorial en PDF<\/a><\/p>\n<p>Ingreso al campus y creaci\u00f3n de clases:<\/p>\n<p><center><iframe loading=\"lazy\" src=\"https:\/\/www.youtube.com\/embed\/6LhEnQFvYbg\" width=\"560\" height=\"315\" frameborder=\"0\" allowfullscreen=\"allowfullscreen\"><\/iframe><\/center><\/p>\n<p>Insertar imagenes, videos y mas:<\/p>\n<p><center><iframe loading=\"lazy\" src=\"https:\/\/www.youtube.com\/embed\/5PtP_kHR4JY\" width=\"560\" height=\"315\" frameborder=\"0\" allowfullscreen=\"allowfullscreen\"><\/iframe><\/center><\/p>\n<p>Ingresar \/ Quitar alumnos de las clases:<\/p>\n<p><center><a href=\"https:\/\/drive.google.com\/file\/d\/1h6rWVUGuGAjEcgyRyhUVSw5z0G1j3B_O\/view?usp=sharing\">VER VIDEO<\/a><\/center><\/p>\n<p><a href=\"https:\/\/red.infd.edu.ar\/tutoriales-y-aportes-teoricos\/tutoriales-campus-virtual-infd\/\">Tutoriales INFD<\/a><\/p>\n<p><a href=\"https:\/\/red.infd.edu.ar\/video-tutoriales-del-campus\/\">Mas Tutoriales INFD<\/a><\/p>\n<p><center><br \/>\n<iframe loading=\"lazy\" title=\"YouTube video player\" src=\"https:\/\/www.youtube.com\/embed\/BIkM8_KBM28?si=3SaW7P75InU-j13U\" width=\"560\" height=\"315\" frameborder=\"0\" allowfullscreen=\"allowfullscreen\"><\/iframe><br \/>\n<iframe loading=\"lazy\" title=\"YouTube video player\" src=\"https:\/\/www.youtube.com\/embed\/lus7-3WPKJw?si=FH1Pj3obHGQfrZge\" width=\"560\" height=\"315\" frameborder=\"0\" allowfullscreen=\"allowfullscreen\"><\/iframe><br \/>\n<iframe loading=\"lazy\" title=\"YouTube video player\" src=\"https:\/\/www.youtube.com\/embed\/fwn10dPV0EM?si=GdbD6RH0yXVD8QRH\" width=\"560\" height=\"315\" frameborder=\"0\" allowfullscreen=\"allowfullscreen\"><\/iframe><br \/>\n<iframe loading=\"lazy\" title=\"YouTube video player\" src=\"https:\/\/www.youtube.com\/embed\/x1Nbo7KS2Zk?si=gR0MBqCQpmhj_qbD\" width=\"560\" height=\"315\" frameborder=\"0\" allowfullscreen=\"allowfullscreen\"><\/iframe><br \/>\n<iframe loading=\"lazy\" title=\"YouTube video player\" src=\"https:\/\/www.youtube.com\/embed\/PhpuPe_gwPA?si=_94OIdIr9mXp69_b\" width=\"560\" height=\"315\" frameborder=\"0\" allowfullscreen=\"allowfullscreen\"><\/iframe><br \/>\n<iframe loading=\"lazy\" title=\"YouTube video player\" src=\"https:\/\/www.youtube.com\/embed\/H0N6EJ7uWQY?si=5dAvhJ25p5nIhMw3\" width=\"560\" height=\"315\" frameborder=\"0\" allowfullscreen=\"allowfullscreen\"><\/iframe><br \/>\n<iframe loading=\"lazy\" title=\"YouTube video player\" src=\"https:\/\/www.youtube.com\/embed\/7mY_xuzazOc?si=0zSTeO7rxBSTfieD\" width=\"560\" height=\"315\" frameborder=\"0\" allowfullscreen=\"allowfullscreen\"><\/iframe><br \/>\n<iframe loading=\"lazy\" title=\"YouTube video player\" src=\"https:\/\/www.youtube.com\/embed\/J2DRfvtChXM?si=Pfoil9zByjNKJFRf\" width=\"560\" height=\"315\" frameborder=\"0\" allowfullscreen=\"allowfullscreen\"><\/iframe><br \/>\n<iframe loading=\"lazy\" title=\"YouTube video player\" src=\"https:\/\/www.youtube.com\/embed\/dWeMAD8xElI?si=oxPwmWKzRv4WW6Xp\" width=\"560\" height=\"315\" frameborder=\"0\" allowfullscreen=\"allowfullscreen\"><\/iframe><br \/>\n<iframe loading=\"lazy\" title=\"YouTube video player\" src=\"https:\/\/www.youtube.com\/embed\/nR9FCnuh6Bc?si=3fuOe1mc0kImMbAJ\" width=\"560\" height=\"315\" frameborder=\"0\" allowfullscreen=\"allowfullscreen\"><\/iframe><br \/>\n<iframe loading=\"lazy\" title=\"YouTube video player\" src=\"https:\/\/www.youtube.com\/embed\/4ZM4JcGyDOU?si=BsFz_GTJekq8iYgy\" width=\"560\" height=\"315\" frameborder=\"0\" allowfullscreen=\"allowfullscreen\"><\/iframe><\/center><\/p>\n<p>Mas info desde la p\u00e1gina del Instituto Nacional de Formaci\u00f3n Docente:<\/p>\n<ul>\n<li><a href=\"https:\/\/tic.infd.edu.ar\/portafolio-usos-y-administracion\/\">Portafolio: Usos y administraci\u00f3n<\/a><\/li>\n<li><a href=\"https:\/\/tic.infd.edu.ar\/?p=1268\">Configuraci\u00f3n del perfil de usuario<\/a><\/li>\n<li><a href=\"https:\/\/tic.infd.edu.ar\/?p=1260\">C\u00f3mo se ingresa al aula<\/a><\/li>\n<li><a href=\"https:\/\/tic.infd.edu.ar\/como-es-la-estructura-del-aula\/\">C\u00f3mo es la estructura del aula<\/a><\/li>\n<li><a href=\"https:\/\/tic.infd.edu.ar\/como-navegar-los-contenidos-de-las-clases\/\">Clases: C\u00f3mo se navegan los contenidos de las clases<\/a><\/li>\n<li><a href=\"https:\/\/tic.infd.edu.ar\/como-navegar-el-indice\/\">Clases: C\u00f3mo navegar el \u00edndice<\/a><\/li>\n<li><a href=\"https:\/\/tic.infd.edu.ar\/?p=1181\">Foros: C\u00f3mo editar un posteo<\/a><\/li>\n<li><a href=\"https:\/\/tic.infd.edu.ar\/?p=1243\">Foros: C\u00f3mo se abre y se configura un foro<\/a><\/li>\n<li><a href=\"https:\/\/tic.infd.edu.ar\/?p=1160\">Foros: Recomendaciones para participar<\/a><\/li>\n<li><a href=\"https:\/\/tic.infd.edu.ar\/participar-en-un-foro-grabando-video\/\">Foros: Participar en un foro grabando video<\/a><\/li>\n<li><a href=\"https:\/\/tic.infd.edu.ar\/participar-en-un-foro-dictando-el-texto\/\">Foros: Participar en un foro dictando el texto<\/a><\/li>\n<li><a href=\"https:\/\/tic.infd.edu.ar\/?p=1270\">C\u00f3mo se utilizan las secciones sitios y archivos<\/a><\/li>\n<li><a href=\"https:\/\/tic.infd.edu.ar\/?p=1266\">\u00bfC\u00f3mo se env\u00edan y reciben mensajes dentro del campus?<\/a><\/li>\n<li><a href=\"https:\/\/tic.infd.edu.ar\/?p=1264\">Indicadores de estado de lectura de contenidos obligatorios<\/a><\/li>\n<li><a href=\"https:\/\/tic.infd.edu.ar\/continuar-en-la-app-la-tarea-iniciada-en-la-pc-mediante-codigo-qr\/\">C\u00f3mo continuar la sesi\u00f3n en un m\u00f3vil mediante c\u00f3digo QR<\/a><\/li>\n<li><a href=\"https:\/\/tic.infd.edu.ar\/como-agregar-calificaciones\/\">C\u00f3mo agregar calificaciones<\/a><\/li>\n<li><a href=\"https:\/\/tic.infd.edu.ar\/uso-del-calendario\/\">Uso del Calendario<\/a><\/li>\n<li><a href=\"https:\/\/tic.infd.edu.ar\/como-utilizar-la-wiki-del-aula-virtual\/\">C\u00f3mo utilizar la wiki del aula virtual<\/a><\/li>\n<li><a href=\"https:\/\/tic.infd.edu.ar\/actividades\/\">Actividades: c\u00f3mo se configura y se utiliza<\/a><\/li>\n<li><a href=\"https:\/\/tic.infd.edu.ar\/actividades-grupales-vinculadas-con-la-clase-virtual\/\">Actividades grupales vinculadas con la clase virtual<\/a><\/li>\n<li><a href=\"https:\/\/tic.infd.edu.ar\/formularios-del-campus-virtual\/\">Formularios del campus virtual<\/a><\/li>\n<li><a href=\"https:\/\/tic.infd.edu.ar\/evaluaciones-y-preguntas\/\">Evaluaciones y preguntas<\/a><\/li>\n<\/ul>\n","protected":false},"excerpt":{"rendered":"<p>Uso de aulas para alumnos: Tutorial en PDF Ingreso al campus y creaci\u00f3n de clases: Insertar imagenes, videos y mas: Ingresar \/ Quitar alumnos de las clases: VER VIDEO Tutoriales INFD Mas Tutoriales INFD Mas info desde la p\u00e1gina del Instituto Nacional de Formaci\u00f3n Docente: Portafolio: Usos y administraci\u00f3n Configuraci\u00f3n del perfil de usuario C\u00f3mo &#8230; <a title=\"Tutoriales\" class=\"read-more\" href=\"https:\/\/itscerrito-ers.infd.edu.ar\/sitio\/tutoriales\/\" aria-label=\"More on Tutoriales\">[+]<\/a><\/p>\n","protected":false},"author":23,"featured_media":0,"parent":0,"menu_order":0,"comment_status":"closed","ping_status":"closed","template":"","meta":[],"acf":[],"_links":{"self":[{"href":"https:\/\/itscerrito-ers.infd.edu.ar\/sitio\/wp-json\/wp\/v2\/pages\/1310"}],"collection":[{"href":"https:\/\/itscerrito-ers.infd.edu.ar\/sitio\/wp-json\/wp\/v2\/pages"}],"about":[{"href":"https:\/\/itscerrito-ers.infd.edu.ar\/sitio\/wp-json\/wp\/v2\/types\/page"}],"author":[{"embeddable":true,"href":"https:\/\/itscerrito-ers.infd.edu.ar\/sitio\/wp-json\/wp\/v2\/users\/23"}],"replies":[{"embeddable":true,"href":"https:\/\/itscerrito-ers.infd.edu.ar\/sitio\/wp-json\/wp\/v2\/comments?post=1310"}],"version-history":[{"count":20,"href":"https:\/\/itscerrito-ers.infd.edu.ar\/sitio\/wp-json\/wp\/v2\/pages\/1310\/revisions"}],"predecessor-version":[{"id":2804,"href":"https:\/\/itscerrito-ers.infd.edu.ar\/sitio\/wp-json\/wp\/v2\/pages\/1310\/revisions\/2804"}],"wp:attachment":[{"href":"https:\/\/itscerrito-ers.infd.edu.ar\/sitio\/wp-json\/wp\/v2\/media?parent=1310"}],"curies":[{"name":"wp","href":"https:\/\/api.w.org\/{rel}","templated":true}]}}