{"id":1274,"date":"2020-03-02T20:53:09","date_gmt":"2020-03-02T23:53:09","guid":{"rendered":"https:\/\/itscerrito-ers.infd.edu.ar\/sitio\/?page_id=1274"},"modified":"2020-03-02T21:27:37","modified_gmt":"2020-03-03T00:27:37","slug":"perfil-profesional-agroecologia","status":"publish","type":"page","link":"https:\/\/itscerrito-ers.infd.edu.ar\/sitio\/perfil-profesional-agroecologia\/","title":{"rendered":"Perfil Profesional Agroecolog\u00eda"},"content":{"rendered":"<p>El T\u00e9cnico Superior en Agroecolog\u00eda est\u00e1 capacitado para organizar, planificar, producir y administrar unidades productivas agr\u00edcolas y pecuarias, haciendo uso de diversas tecnolog\u00edas y promoviendo el desarrollo rural con valores \u00e9ticos, logrando el uso racional de los bienes naturales y la conservaci\u00f3n del ambiente, cumpliendo con las normas de calidad, seguridad y protecci\u00f3n ambiental.<\/p>\n<p>AREA OCUPACIONAL<br \/>\nEl T\u00e9cnico Superior en Agroecolog\u00eda  estar\u00e1 capacitado para:<br \/>\n\u2022\tRealizar las operaciones o labores de las distintas fases de los procesos de producci\u00f3n agroecol\u00f3gica con criterios de rentabilidad y sostenibilidad.<br \/>\n\u2022\tOrganizar, producir y utilizar bioinsumos en la producci\u00f3n agropecuaria, agroalimentaria, agroindustrial y agroenerg\u00e9tica sostenibles.<br \/>\n\u2022\tRealizar el mantenimiento primario y manejo de las instalaciones, maquinar\u00edas, equipos y herramientas e insumos de la producci\u00f3n agroecol\u00f3gica.<br \/>\n\u2022\tAsesorar, orientar en la elaboraci\u00f3n de sus propios insumos naturales.<br \/>\n\u2022\tOrganizar y Gestionar una explotaci\u00f3n familiar o comunitaria, en funci\u00f3n de sus objetivos y recursos disponibles.<\/p>\n<p>HABILITACIONES PROFESIONALES<br \/>\nTrabajar\u00e1 con peque\u00f1os y medianos productores brindando asesoramiento y servicios para la producci\u00f3n y comercializaci\u00f3n de productos agroecol\u00f3gicos, en el sector agroindustrial asesorando en relaci\u00f3n a la demanda y ofrecimiento de productos, en el sector agrocomercial estimulando la construcci\u00f3n social de mercado y cadenas de comercializaci\u00f3n, en empresas de servicios agropecuarias impulsando pr\u00e1cticas agr\u00edcolas compatibles, en cooperativas, federaciones y otras asociaciones de productores brindando asesoramiento t\u00e9cnico y en oficinas estatales municipales, provinciales y nacionales.<\/p>\n","protected":false},"excerpt":{"rendered":"<p>El T\u00e9cnico Superior en Agroecolog\u00eda est\u00e1 capacitado para organizar, planificar, producir y administrar unidades productivas agr\u00edcolas y pecuarias, haciendo uso de diversas tecnolog\u00edas y promoviendo el desarrollo rural con valores \u00e9ticos, logrando el uso racional de los bienes naturales y la conservaci\u00f3n del ambiente, cumpliendo con las normas de calidad, seguridad y protecci\u00f3n ambiental. AREA &#8230; <a title=\"Perfil Profesional Agroecolog\u00eda\" class=\"read-more\" href=\"https:\/\/itscerrito-ers.infd.edu.ar\/sitio\/perfil-profesional-agroecologia\/\" aria-label=\"More on Perfil Profesional Agroecolog\u00eda\">[+]<\/a><\/p>\n","protected":false},"author":23,"featured_media":0,"parent":0,"menu_order":0,"comment_status":"closed","ping_status":"closed","template":"","meta":[],"acf":[],"_links":{"self":[{"href":"https:\/\/itscerrito-ers.infd.edu.ar\/sitio\/wp-json\/wp\/v2\/pages\/1274"}],"collection":[{"href":"https:\/\/itscerrito-ers.infd.edu.ar\/sitio\/wp-json\/wp\/v2\/pages"}],"about":[{"href":"https:\/\/itscerrito-ers.infd.edu.ar\/sitio\/wp-json\/wp\/v2\/types\/page"}],"author":[{"embeddable":true,"href":"https:\/\/itscerrito-ers.infd.edu.ar\/sitio\/wp-json\/wp\/v2\/users\/23"}],"replies":[{"embeddable":true,"href":"https:\/\/itscerrito-ers.infd.edu.ar\/sitio\/wp-json\/wp\/v2\/comments?post=1274"}],"version-history":[{"count":5,"href":"https:\/\/itscerrito-ers.infd.edu.ar\/sitio\/wp-json\/wp\/v2\/pages\/1274\/revisions"}],"predecessor-version":[{"id":1280,"href":"https:\/\/itscerrito-ers.infd.edu.ar\/sitio\/wp-json\/wp\/v2\/pages\/1274\/revisions\/1280"}],"wp:attachment":[{"href":"https:\/\/itscerrito-ers.infd.edu.ar\/sitio\/wp-json\/wp\/v2\/media?parent=1274"}],"curies":[{"name":"wp","href":"https:\/\/api.w.org\/{rel}","templated":true}]}}